{"id":165,"date":"2017-06-05T13:24:53","date_gmt":"2017-06-05T11:24:53","guid":{"rendered":"http:\/\/klemenb.bplaced.net\/01_SPDKOCNA\/?page_id=165"},"modified":"2021-07-12T18:49:27","modified_gmt":"2021-07-12T16:49:27","slug":"kontakt-impressum","status":"publish","type":"page","link":"https:\/\/klemenb.bplaced.net\/01_SPDKOCNA\/de\/kontakt-impressum\/","title":{"rendered":"KONTAKT \/ IMPRESSUM"},"content":{"rendered":"<p><span style=\"color: #000000;\"><b>KONTAKT<\/b><\/span><\/p>\n<p><span style=\"color: #000000;\"><b>Alenka Weber-Inzko<br \/>\n<\/b>email: <a class=\"normallauftext\" style=\"color: #000000;\" href=\"mailto:\">office@kocna.at<\/a><\/span><\/p>\n<p><span style=\"color: #000000;\"><img loading=\"lazy\" decoding=\"async\" class=\"aligncenter size-full wp-image-160\" src=\"https:\/\/klemenb.bplaced.net\/01_SPDKOCNA\/wp-content\/uploads\/2017\/06\/karte_gross.gif\" alt=\"\" width=\"600\" height=\"340\" \/><\/span><\/p>\n<p><strong><span style=\"color: #000000;\">IMPRESSUM<\/span><\/strong><\/p>\n<p><strong><span style=\"color: #000000;\">F\u00fcr den Inhalt verantwortlich: <\/span><\/strong><br \/>\n<span style=\"color: #000000;\">SPD Ko\u010dna in Suetschach.<\/span><br \/>\n<strong><span style=\"color: #000000;\">F\u00fcr den Verein: <\/span><\/strong><br \/>\n<span style=\"color: #000000;\">Alenka Weber-Inzko<\/span><br \/>\n<strong><span style=\"color: #000000;\">Texte: <\/span><\/strong><br \/>\n<span style=\"color: #000000;\">Tatjana Feinig, Valentin Inzko, Amalija Feinig, Marinka Inzko, Anton Feinig, Janez Sedej.<\/span><br \/>\n<strong><span style=\"color: #000000;\">\u00dcbersetzungen: <\/span><\/strong><br \/>\n<span style=\"color: #000000;\">Tatjana Feinig, Marion Pregl, Janko Zerzer, Maureen Langer-Devine, Andrea Wernig.<\/span><br \/>\n<strong><span style=\"color: #000000;\">Fotos: <\/span><\/strong><br \/>\n<span style=\"color: #000000;\">Branko Ogorevc, Archiv\/Arhiv SPD Ko\u010dna, Lucija Ogorevc-Feinig, Marinka Inzko, Gabi Mischkulnig, Franc Wakounig, Martin Zirkl, Marko Fink, Tatjana Feinig, Klemen Breitfuss.<\/span><\/p>\n","protected":false},"excerpt":{"rendered":"<p>KONTAKT Alenka Weber-Inzko email: office@kocna.at IMPRESSUM F\u00fcr den Inhalt verantwortlich: SPD Ko\u010dna in Suetschach. F\u00fcr den Verein: Alenka Weber-Inzko Texte: Tatjana Feinig, Valentin Inzko, Amalija Feinig, Marinka Inzko, Anton Feinig, Janez Sedej. \u00dcbersetzungen: Tatjana Feinig, Marion Pregl, Janko Zerzer, Maureen Langer-Devine, Andrea Wernig. Fotos: Branko Ogorevc, Archiv\/Arhiv SPD Ko\u010dna, Lucija Ogorevc-Feinig, Marinka Inzko, Gabi Mischkulnig,&#8230;<\/p>\n","protected":false},"author":1,"featured_media":0,"parent":0,"menu_order":0,"comment_status":"closed","ping_status":"closed","template":"","meta":{"footnotes":""},"class_list":["post-165","page","type-page","status-publish","hentry"],"_links":{"self":[{"href":"https:\/\/klemenb.bplaced.net\/01_SPDKOCNA\/wp-json\/wp\/v2\/pages\/165","targetHints":{"allow":["GET"]}}],"collection":[{"href":"https:\/\/klemenb.bplaced.net\/01_SPDKOCNA\/wp-json\/wp\/v2\/pages"}],"about":[{"href":"https:\/\/klemenb.bplaced.net\/01_SPDKOCNA\/wp-json\/wp\/v2\/types\/page"}],"author":[{"embeddable":true,"href":"https:\/\/klemenb.bplaced.net\/01_SPDKOCNA\/wp-json\/wp\/v2\/users\/1"}],"replies":[{"embeddable":true,"href":"https:\/\/klemenb.bplaced.net\/01_SPDKOCNA\/wp-json\/wp\/v2\/comments?post=165"}],"version-history":[{"count":4,"href":"https:\/\/klemenb.bplaced.net\/01_SPDKOCNA\/wp-json\/wp\/v2\/pages\/165\/revisions"}],"predecessor-version":[{"id":246,"href":"https:\/\/klemenb.bplaced.net\/01_SPDKOCNA\/wp-json\/wp\/v2\/pages\/165\/revisions\/246"}],"wp:attachment":[{"href":"https:\/\/klemenb.bplaced.net\/01_SPDKOCNA\/wp-json\/wp\/v2\/media?parent=165"}],"curies":[{"name":"wp","href":"https:\/\/api.w.org\/{rel}","templated":true}]}}